{"id":668,"date":"2024-03-12T10:37:59","date_gmt":"2024-03-12T10:37:59","guid":{"rendered":"https:\/\/www.origamiresidences.com\/?page_id=668"},"modified":"2024-03-21T10:14:14","modified_gmt":"2024-03-21T10:14:14","slug":"ubicacion","status":"publish","type":"page","link":"https:\/\/www.origamiresidences.com\/index.php\/ubicacion\/","title":{"rendered":"Ubicaci\u00f3n"},"content":{"rendered":"\t\t<div data-elementor-type=\"wp-page\" data-elementor-id=\"668\" class=\"elementor elementor-668\" data-elementor-post-type=\"page\">\n\t\t\t\t<div class=\"elementor-element elementor-element-e1bcc33 e-flex e-con-boxed e-con e-parent\" data-id=\"e1bcc33\" data-element_type=\"container\" data-e-type=\"container\" data-settings=\"{&quot;background_background&quot;:&quot;classic&quot;}\">\n\t\t\t\t\t<div class=\"e-con-inner\">\n\t\t<div class=\"elementor-element elementor-element-6d2dd3a e-con-full e-flex e-con e-child\" data-id=\"6d2dd3a\" data-element_type=\"container\" data-e-type=\"container\">\n\t\t\t\t<div class=\"elementor-element elementor-element-6a77912 elementor-widget elementor-widget-heading\" data-id=\"6a77912\" data-element_type=\"widget\" data-e-type=\"widget\" data-settings=\"{&quot;motion_fx_motion_fx_scrolling&quot;:&quot;yes&quot;,&quot;motion_fx_translateX_effect&quot;:&quot;yes&quot;,&quot;motion_fx_devices&quot;:[&quot;desktop&quot;,&quot;tablet&quot;],&quot;motion_fx_translateX_speed&quot;:{&quot;unit&quot;:&quot;px&quot;,&quot;size&quot;:4,&quot;sizes&quot;:[]},&quot;motion_fx_translateX_affectedRange&quot;:{&quot;unit&quot;:&quot;%&quot;,&quot;size&quot;:&quot;&quot;,&quot;sizes&quot;:{&quot;start&quot;:0,&quot;end&quot;:100}}}\" data-widget_type=\"heading.default\">\n\t\t\t\t<div class=\"elementor-widget-container\">\n\t\t\t\t\t<h2 class=\"elementor-heading-title elementor-size-default\">Fresno Norte, una de las zonas residenciales <strong> m\u00e1s atractivas de la capital.<\/h2>\t\t\t\t<\/div>\n\t\t\t\t<\/div>\n\t\t\t\t<div class=\"elementor-element elementor-element-cd4f6bf elementor-widget elementor-widget-text-editor\" data-id=\"cd4f6bf\" data-element_type=\"widget\" data-e-type=\"widget\" data-settings=\"{&quot;motion_fx_motion_fx_scrolling&quot;:&quot;yes&quot;,&quot;motion_fx_translateX_effect&quot;:&quot;yes&quot;,&quot;motion_fx_translateX_direction&quot;:&quot;negative&quot;,&quot;motion_fx_devices&quot;:[&quot;desktop&quot;,&quot;tablet&quot;],&quot;motion_fx_translateX_speed&quot;:{&quot;unit&quot;:&quot;px&quot;,&quot;size&quot;:4,&quot;sizes&quot;:[]},&quot;motion_fx_translateX_affectedRange&quot;:{&quot;unit&quot;:&quot;%&quot;,&quot;size&quot;:&quot;&quot;,&quot;sizes&quot;:{&quot;start&quot;:0,&quot;end&quot;:100}}}\" data-widget_type=\"text-editor.default\">\n\t\t\t\t<div class=\"elementor-widget-container\">\n\t\t\t\t\t\t\t\t\t<p>Un proyecto arquitect\u00f3nico \u00fanico <b>con sello Morph<\/b>, que se ha concebido como un icono constructivo y de car\u00e1cter, manteniendo en todo momento un estilo atemporal y cuidando todos los detalles en cuanto a dise\u00f1o y calidades.<\/p>\t\t\t\t\t\t\t\t<\/div>\n\t\t\t\t<\/div>\n\t\t\t\t<\/div>\n\t\t\t\t\t<\/div>\n\t\t\t\t<\/div>\n\t\t<div class=\"elementor-element elementor-element-7d59b1c e-flex e-con-boxed e-con e-parent\" data-id=\"7d59b1c\" data-element_type=\"container\" data-e-type=\"container\" data-settings=\"{&quot;background_background&quot;:&quot;classic&quot;}\">\n\t\t\t\t\t<div class=\"e-con-inner\">\n\t\t<div class=\"elementor-element elementor-element-3c29641 e-con-full e-flex e-con e-child\" data-id=\"3c29641\" data-element_type=\"container\" data-e-type=\"container\">\n\t\t\t\t<div class=\"elementor-element elementor-element-da140f8 elementor-widget elementor-widget-image\" data-id=\"da140f8\" data-element_type=\"widget\" data-e-type=\"widget\" data-widget_type=\"image.default\">\n\t\t\t\t<div class=\"elementor-widget-container\">\n\t\t\t\t\t\t\t\t\t\t\t\t\t\t\t<img fetchpriority=\"high\" decoding=\"async\" width=\"2243\" height=\"2278\" src=\"https:\/\/www.origamiresidences.com\/wp-content\/uploads\/2024\/03\/MAPA-1.png\" class=\"attachment-full size-full wp-image-259\" alt=\"\" srcset=\"https:\/\/www.origamiresidences.com\/wp-content\/uploads\/2024\/03\/MAPA-1.png 2243w, https:\/\/www.origamiresidences.com\/wp-content\/uploads\/2024\/03\/MAPA-1-295x300.png 295w, https:\/\/www.origamiresidences.com\/wp-content\/uploads\/2024\/03\/MAPA-1-1008x1024.png 1008w, https:\/\/www.origamiresidences.com\/wp-content\/uploads\/2024\/03\/MAPA-1-768x780.png 768w, https:\/\/www.origamiresidences.com\/wp-content\/uploads\/2024\/03\/MAPA-1-1512x1536.png 1512w, https:\/\/www.origamiresidences.com\/wp-content\/uploads\/2024\/03\/MAPA-1-2017x2048.png 2017w\" sizes=\"(max-width: 2243px) 100vw, 2243px\" \/>\t\t\t\t\t\t\t\t\t\t\t\t\t\t\t<\/div>\n\t\t\t\t<\/div>\n\t\t\t\t<\/div>\n\t\t<div class=\"elementor-element elementor-element-ce08b98 e-con-full e-flex e-con e-child\" data-id=\"ce08b98\" data-element_type=\"container\" data-e-type=\"container\">\n\t\t\t\t<div class=\"elementor-element elementor-element-fa6baa5 elementor-widget elementor-widget-text-editor\" data-id=\"fa6baa5\" data-element_type=\"widget\" data-e-type=\"widget\" data-widget_type=\"text-editor.default\">\n\t\t\t\t<div class=\"elementor-widget-container\">\n\t\t\t\t\t\t\t\t\tPerfectamente <br><strong>comunicado<\/strong>.\t\t\t\t\t\t\t\t<\/div>\n\t\t\t\t<\/div>\n\t\t\t\t<div class=\"elementor-element elementor-element-73f9385 elementor-widget elementor-widget-text-editor\" data-id=\"73f9385\" data-element_type=\"widget\" data-e-type=\"widget\" data-widget_type=\"text-editor.default\">\n\t\t\t\t<div class=\"elementor-widget-container\">\n\t\t\t\t\t\t\t\t\t<p><strong>Fresno Norte, u<\/strong>na de las zonas residenciales m\u00e1s atractivas de la capital, <strong>perfectamente comunicado.<\/strong><\/p>\t\t\t\t\t\t\t\t<\/div>\n\t\t\t\t<\/div>\n\t\t<div class=\"elementor-element elementor-element-6870c6e e-flex e-con-boxed e-con e-child\" data-id=\"6870c6e\" data-element_type=\"container\" data-e-type=\"container\">\n\t\t\t\t\t<div class=\"e-con-inner\">\n\t\t\t\t<div class=\"elementor-element elementor-element-054ac49 elementor-widget__width-initial elementor-widget elementor-widget-text-editor\" data-id=\"054ac49\" data-element_type=\"widget\" data-e-type=\"widget\" data-widget_type=\"text-editor.default\">\n\t\t\t\t<div class=\"elementor-widget-container\">\n\t\t\t\t\t\t\t\t\t<p><strong>SERVICIOS<\/strong><\/p><p>\u203a Cafeter\u00edas<br \/>\u203a Carnicer\u00edas y fruter\u00edas<br \/>\u203a Cl\u00ednicas dentales<br \/>\u203a Cl\u00ednica veterinaria<br \/>\u203a Correos<br \/>\u203a Farmacia<br \/>\u203a Peluquer\u00eda<\/p>\t\t\t\t\t\t\t\t<\/div>\n\t\t\t\t<\/div>\n\t\t\t\t<div class=\"elementor-element elementor-element-362a999 elementor-widget__width-initial elementor-widget elementor-widget-text-editor\" data-id=\"362a999\" data-element_type=\"widget\" data-e-type=\"widget\" data-widget_type=\"text-editor.default\">\n\t\t\t\t<div class=\"elementor-widget-container\">\n\t\t\t\t\t\t\t\t\t<p><strong>OCIO<\/strong><\/p><p>\u203a Escuela de m\u00fasica<br \/>\u203a Escuela de pintura<br \/>\u203a Coro<br \/>\u203a Escuela de p\u00e1del<br \/>\u203a Escuela de tenis<\/p>\t\t\t\t\t\t\t\t<\/div>\n\t\t\t\t<\/div>\n\t\t\t\t\t<\/div>\n\t\t\t\t<\/div>\n\t\t<div class=\"elementor-element elementor-element-7202dfb e-flex e-con-boxed e-con e-child\" data-id=\"7202dfb\" data-element_type=\"container\" data-e-type=\"container\">\n\t\t\t\t\t<div class=\"e-con-inner\">\n\t\t\t\t<div class=\"elementor-element elementor-element-496c8be elementor-widget__width-initial elementor-widget elementor-widget-text-editor\" data-id=\"496c8be\" data-element_type=\"widget\" data-e-type=\"widget\" data-widget_type=\"text-editor.default\">\n\t\t\t\t<div class=\"elementor-widget-container\">\n\t\t\t\t\t\t\t\t\t<p><strong>CENTROS COMERCIALES<\/strong><\/p><p>\u203a Plaza Norte 2<br \/>\u203a The Style Outlets<br \/>\u203a La Vi\u00f1a<\/p>\t\t\t\t\t\t\t\t<\/div>\n\t\t\t\t<\/div>\n\t\t\t\t<div class=\"elementor-element elementor-element-b5e7a81 elementor-widget__width-initial elementor-widget elementor-widget-text-editor\" data-id=\"b5e7a81\" data-element_type=\"widget\" data-e-type=\"widget\" data-widget_type=\"text-editor.default\">\n\t\t\t\t<div class=\"elementor-widget-container\">\n\t\t\t\t\t\t\t\t\t<p><strong>PARROQUIA<\/strong><\/p><p>\u203a Nuestra se\u00f1ora de Fresno <br \/>Norte<\/p>\t\t\t\t\t\t\t\t<\/div>\n\t\t\t\t<\/div>\n\t\t\t\t\t<\/div>\n\t\t\t\t<\/div>\n\t\t\t\t<\/div>\n\t\t\t\t\t<\/div>\n\t\t\t\t<\/div>\n\t\t<div class=\"elementor-element elementor-element-b8edc70 e-flex e-con-boxed e-con e-parent\" data-id=\"b8edc70\" data-element_type=\"container\" data-e-type=\"container\" data-settings=\"{&quot;background_background&quot;:&quot;classic&quot;}\">\n\t\t\t\t\t<div class=\"e-con-inner\">\n\t\t<div class=\"elementor-element elementor-element-fc28ca4 e-con-full e-flex e-con e-child\" data-id=\"fc28ca4\" data-element_type=\"container\" data-e-type=\"container\">\n\t\t\t\t<div class=\"elementor-element elementor-element-ba81ddb elementor-widget elementor-widget-image\" data-id=\"ba81ddb\" data-element_type=\"widget\" data-e-type=\"widget\" data-widget_type=\"image.default\">\n\t\t\t\t<div class=\"elementor-widget-container\">\n\t\t\t\t\t\t\t\t\t\t\t\t\t\t\t<img decoding=\"async\" width=\"2302\" height=\"2082\" src=\"https:\/\/www.origamiresidences.com\/wp-content\/uploads\/2024\/03\/MAPA-3.png\" class=\"attachment-full size-full wp-image-273\" alt=\"\" srcset=\"https:\/\/www.origamiresidences.com\/wp-content\/uploads\/2024\/03\/MAPA-3.png 2302w, https:\/\/www.origamiresidences.com\/wp-content\/uploads\/2024\/03\/MAPA-3-300x271.png 300w, https:\/\/www.origamiresidences.com\/wp-content\/uploads\/2024\/03\/MAPA-3-1024x926.png 1024w, https:\/\/www.origamiresidences.com\/wp-content\/uploads\/2024\/03\/MAPA-3-768x695.png 768w, https:\/\/www.origamiresidences.com\/wp-content\/uploads\/2024\/03\/MAPA-3-1536x1389.png 1536w, https:\/\/www.origamiresidences.com\/wp-content\/uploads\/2024\/03\/MAPA-3-2048x1852.png 2048w\" sizes=\"(max-width: 2302px) 100vw, 2302px\" \/>\t\t\t\t\t\t\t\t\t\t\t\t\t\t\t<\/div>\n\t\t\t\t<\/div>\n\t\t\t\t<\/div>\n\t\t<div class=\"elementor-element elementor-element-90c8d38 e-con-full e-flex e-con e-child\" data-id=\"90c8d38\" data-element_type=\"container\" data-e-type=\"container\">\n\t\t\t\t<div class=\"elementor-element elementor-element-b3de9b6 elementor-widget elementor-widget-text-editor\" data-id=\"b3de9b6\" data-element_type=\"widget\" data-e-type=\"widget\" data-widget_type=\"text-editor.default\">\n\t\t\t\t<div class=\"elementor-widget-container\">\n\t\t\t\t\t\t\t\t\t<p>1. ORIGAMI RESIDENCES <br \/>UNIFAMIILIAR<\/p><p><br \/>2. ORIGAMI RESIDENCES <br \/>PLURIFAMIILIAR<\/p>\t\t\t\t\t\t\t\t<\/div>\n\t\t\t\t<\/div>\n\t\t\t\t<\/div>\n\t\t\t\t\t<\/div>\n\t\t\t\t<\/div>\n\t\t\t\t<\/div>\n\t\t","protected":false},"excerpt":{"rendered":"<p>Fresno Norte, una de las zonas residenciales m\u00e1s atractivas de la capital. Un proyecto arquitect\u00f3nico \u00fanico con sello Morph, que [&hellip;]<\/p>\n","protected":false},"author":1,"featured_media":0,"parent":0,"menu_order":0,"comment_status":"closed","ping_status":"closed","template":"","meta":{"site-sidebar-layout":"no-sidebar","site-content-layout":"","ast-site-content-layout":"full-width-container","site-content-style":"default","site-sidebar-style":"default","ast-global-header-display":"","ast-banner-title-visibility":"","ast-main-header-display":"","ast-hfb-above-header-display":"","ast-hfb-below-header-display":"","ast-hfb-mobile-header-display":"","site-post-title":"disabled","ast-breadcrumbs-content":"","ast-featured-img":"disabled","footer-sml-layout":"","ast-disable-related-posts":"","theme-transparent-header-meta":"","adv-header-id-meta":"","stick-header-meta":"","header-above-stick-meta":"","header-main-stick-meta":"","header-below-stick-meta":"","astra-migrate-meta-layouts":"default","ast-page-background-enabled":"default","ast-page-background-meta":{"desktop":{"background-color":"var(--ast-global-color-4)","background-image":"","background-repeat":"repeat","background-position":"center center","background-size":"auto","background-attachment":"scroll","background-type":"","background-media":"","overlay-type":"","overlay-color":"","overlay-opacity":"","overlay-gradient":""},"tablet":{"background-color":"","background-image":"","background-repeat":"repeat","background-position":"center center","background-size":"auto","background-attachment":"scroll","background-type":"","background-media":"","overlay-type":"","overlay-color":"","overlay-opacity":"","overlay-gradient":""},"mobile":{"background-color":"","background-image":"","background-repeat":"repeat","background-position":"center center","background-size":"auto","background-attachment":"scroll","background-type":"","background-media":"","overlay-type":"","overlay-color":"","overlay-opacity":"","overlay-gradient":""}},"ast-content-background-meta":{"desktop":{"background-color":"var(--ast-global-color-5)","background-image":"","background-repeat":"repeat","background-position":"center center","background-size":"auto","background-attachment":"scroll","background-type":"","background-media":"","overlay-type":"","overlay-color":"","overlay-opacity":"","overlay-gradient":""},"tablet":{"background-color":"var(--ast-global-color-5)","background-image":"","background-repeat":"repeat","background-position":"center center","background-size":"auto","background-attachment":"scroll","background-type":"","background-media":"","overlay-type":"","overlay-color":"","overlay-opacity":"","overlay-gradient":""},"mobile":{"background-color":"var(--ast-global-color-5)","background-image":"","background-repeat":"repeat","background-position":"center center","background-size":"auto","background-attachment":"scroll","background-type":"","background-media":"","overlay-type":"","overlay-color":"","overlay-opacity":"","overlay-gradient":""}},"footnotes":""},"class_list":["post-668","page","type-page","status-publish","hentry"],"_links":{"self":[{"href":"https:\/\/www.origamiresidences.com\/index.php\/wp-json\/wp\/v2\/pages\/668","targetHints":{"allow":["GET"]}}],"collection":[{"href":"https:\/\/www.origamiresidences.com\/index.php\/wp-json\/wp\/v2\/pages"}],"about":[{"href":"https:\/\/www.origamiresidences.com\/index.php\/wp-json\/wp\/v2\/types\/page"}],"author":[{"embeddable":true,"href":"https:\/\/www.origamiresidences.com\/index.php\/wp-json\/wp\/v2\/users\/1"}],"replies":[{"embeddable":true,"href":"https:\/\/www.origamiresidences.com\/index.php\/wp-json\/wp\/v2\/comments?post=668"}],"version-history":[{"count":22,"href":"https:\/\/www.origamiresidences.com\/index.php\/wp-json\/wp\/v2\/pages\/668\/revisions"}],"predecessor-version":[{"id":848,"href":"https:\/\/www.origamiresidences.com\/index.php\/wp-json\/wp\/v2\/pages\/668\/revisions\/848"}],"wp:attachment":[{"href":"https:\/\/www.origamiresidences.com\/index.php\/wp-json\/wp\/v2\/media?parent=668"}],"curies":[{"name":"wp","href":"https:\/\/api.w.org\/{rel}","templated":true}]}}